{"id":3352,"date":"2023-12-11T09:48:13","date_gmt":"2023-12-11T08:48:13","guid":{"rendered":"https:\/\/www.creativecooling.com\/home\/"},"modified":"2025-03-26T10:34:52","modified_gmt":"2025-03-26T09:34:52","slug":"home","status":"publish","type":"page","link":"https:\/\/www.creativecooling.com\/pl\/","title":{"rendered":"Strona g\u0142\u00f3wna"},"content":{"rendered":"<div class=\"column\">\n\t<div class=\"rw-boostu-wrapper rw-page-opener-video\" style=\"background-image: url('https:\/\/www.creativecooling.com\/wp-content\/uploads\/2025\/02\/Screenshot-2025-02-06-at-11.56.24.jpg')\">\n    <div class=\"wpbf-container\">\n        <h1>Mamy odpowiednie <strong> podej\u015bcie do ch\u0142odzenia<\/strong><\/h1>\n    <\/div>\n    <div class=\"page-opener-video\">\n        <iframe loading=\"lazy\" title=\"Coolio Connect - 4\" src=\"https:\/\/player.vimeo.com\/video\/1054056538?dnt=1&amp;app_id=122963&#038;background=1\" width=\"640\" height=\"360\" frameborder=\"0\" allow=\"autoplay; fullscreen; picture-in-picture; clipboard-write; encrypted-media; web-share\" referrerpolicy=\"strict-origin-when-cross-origin\" frameborder=\"0\"><\/iframe>    <\/div>\n<\/div>\n    <div class=\"rw-boostu-wrapper rw-banner whitetext text-align-center \">\n    <div class=\"wpbf-container\">\n        <div class=\"banner-text\">\n            <p>Jeste\u015bmy Grup\u0105 Creative Cooling. Utalentowany zesp\u00f3\u0142 ekspert\u00f3w rynku detalicznego, kt\u00f3rzy wiedz\u0105, jak zbudowa\u0107 idealn\u0105 witryn\u0119 ch\u0142odnicz\u0105. \u0141\u0105czymy marki z lud\u017ami i sprawiamy, \u017ce klienci s\u0105 bli\u017cej Twoich produkt\u00f3w.<\/p>\n<p><b>Sprzedajemy w spos\u00f3b \u201ecool\u201d i sprawiamy, \u017ce Twoje cool produkty si\u0119 sprzedaj\u0105.<\/b><\/p>\n                    <\/div>\n    <\/div>\n<\/div>\n<div class=\"rw-boostu-wrapper rw-whitespace\"><\/div><div class=\"rw-boostu-wrapper rw-columns\">\n    <div class=\"wpbf-container\">\n        <div class=\"columns-text text-align-center\">\n            <h2>Rozwi\u0105zania Creative Cooling dla ka\u017cdego<\/h2>\n<p>Szukasz ch\u0142odziarki, kt\u00f3ra jest gotowa do u\u017cycia po pod\u0142\u0105czeniu, czy dopasowanego do Twoich potrzeb sprz\u0119tu ch\u0142odz\u0105cego? Doskonale dostosowujemy nasze narz\u0119dzia do promowania marek w sklepach do ka\u017cdej lokalizacji i sytuacji. Dzi\u0119ki 4 prostym modelom pracy dopasowujemy rozwi\u0105zanie ch\u0142odnicze do Twoich potrzeb:<\/p>\n        <\/div>\n        <div class=\"columns-wrapper\">\n                                <a href=\"https:\/\/www.creativecooling.com\/pl\/produkty-creative-cooling\/\" class=\"columns-column \">\n                        <img decoding=\"async\" src=\"https:\/\/www.creativecooling.com\/wp-content\/uploads\/2023\/12\/pick-a-cooler-icon-1.svg\" alt=\"pick-a-cooler-icon-1\">\n                        <h3>Wybierz ch\u0142odziark\u0119<\/h3>\n<p>Wybierz najlepsz\u0105 witryn\u0119 z naszej oferty rozwi\u0105za\u0144 gotowych do u\u017cycia po pod\u0142\u0105czeniu, a my dostarczymy j\u0105 do Ciebie.<\/p>\n                                                    <div class=\"btn-wrapper\">\n                                <p class=\"boostu-btn\" >Poka\u017c<\/p>\n                            <\/div>\n                                            <\/a>\n                                    <a href=\"https:\/\/www.creativecooling.com\/pl\/dostosuj-chlodziarke-do-swojej-marki\/\" class=\"columns-column \">\n                        <img decoding=\"async\" src=\"https:\/\/www.creativecooling.com\/wp-content\/uploads\/2023\/12\/brand-a-cooler.svg\" alt=\"brand-a-cooler\">\n                        <h3>Dostosuj ch\u0142odziark\u0119 do swojej marki<\/h3>\n<p>Przenie\u015b personalizacj\u0119 na wy\u017cszy poziom i spraw, aby Twoja witryna ch\u0142odnicza sta\u0142a si\u0119 gwiazd\u0105 sklepu. Stworzymy atrakcyjny projekt lub wprowadzimy w \u017cycie projekt dostarczony przez Ciebie.<\/p>\n                                                    <div class=\"btn-wrapper\">\n                                <p class=\"boostu-btn\" >Wykreujmy mark\u0119<\/p>\n                            <\/div>\n                                            <\/a>\n                                    <a href=\"https:\/\/www.creativecooling.com\/pl\/popros-o-wycene\/\" class=\"columns-column \">\n                        <img decoding=\"async\" src=\"https:\/\/www.creativecooling.com\/wp-content\/uploads\/2023\/12\/create-a-cooler.svg\" alt=\"create-a-cooler\">\n                        <h3>Stw\u00f3rz ch\u0142odziark\u0119<\/h3>\n<p>Nasi projektanci i programi\u015bci z ch\u0119ci\u0105 zamieni\u0105 Twoje pomys\u0142y w ciekawe rozwi\u0105zania. Je\u017celi jeszcze czego\u015b takiego nie by\u0142o, nadszed\u0142 czas, aby\u015bmy to zrobili i zacz\u0119li tworzy\u0107 razem!<\/p>\n                                                    <div class=\"btn-wrapper\">\n                                <p class=\"boostu-btn\" >O tak<\/p>\n                            <\/div>\n                                            <\/a>\n                                    <a href=\"https:\/\/www.creativecooling.com\/pl\/wynajmij-chlodziarke\/\" class=\"columns-column \">\n                        <img decoding=\"async\" src=\"https:\/\/www.creativecooling.com\/wp-content\/uploads\/2023\/12\/Rent-a-Cooler-1.webp\" alt=\"Rent-a-Cooler-1\">\n                        <h3>Wynajmij ch\u0142odziark\u0119<\/h3>\n<p>Czy wynajem lepiej pasuje do Twojej strategii sprzeda\u017cy? Wspieramy Twoj\u0105 kampani\u0119 wykorzystuj\u0105c\u0105 narz\u0119dzia do promowania marki w sklepach dzi\u0119ki konfigurowalnym witrynom ch\u0142odniczym, kt\u00f3re mo\u017cesz wynaj\u0105\u0107 na okres od 1 tygodnia.<\/p>\n                                                    <div class=\"btn-wrapper\">\n                                <p class=\"boostu-btn\" >Wynajmij<\/p>\n                            <\/div>\n                                            <\/a>\n                        <\/div>\n    <\/div>\n<\/div>\n<div class=\"rw-boostu-wrapper rw-whitespace\"><\/div>    <div class=\"rw-boostu-wrapper rw-banner whitetext add-logo \">\n    <div class=\"wpbf-container\">\n        <div class=\"banner-text\">\n            <h2>Heylen Group wspiera strategi\u0119 rozwoju poprzez przej\u0119cie Coolio\u00ae International<\/h2>\n<p>Heylen Group i Creative Cooling Group przej\u0119\u0142y Coolio\u00ae International, kt\u00f3rej siedziba mie\u015bci si\u0119 w Antwerpii, rozbudowuj\u0105c tym samym portfolio biznesowe Heylen Group w segmencie rynku oferuj\u0105cego witryny ch\u0142odnicze do promocji produkt\u00f3w.<\/p>\n                            <a class=\"boostu-btn\" href=\"https:\/\/creativecooling.com\/heylen-group\/\" >Wi\u0119cej<\/a>\n                    <\/div>\n    <\/div>\n<\/div>\n<div class=\"rw-boostu-wrapper rw-whitespace\"><\/div><div class=\"rw-boostu-wrapper rw-product-categories-home\">\n    <div class=\"wpbf-container\">\n        <div class=\"product-categories-home-wrapper\">\n            <div class=\"product-categories-home-wrapper-left\">\n                                            <a data-img=\"https:\/\/www.creativecooling.com\/wp-content\/uploads\/2023\/12\/solutions-placeholder.webp\" href=\"https:\/\/www.creativecooling.com\/pl\/produkty-creative-cooling\/open-front-coolers\/\">Rega\u0142y ch\u0142odnicze<\/a>\n                                                    <a data-img=\"https:\/\/www.creativecooling.com\/wp-content\/uploads\/2023\/12\/Open-Top_Cube-65_Beleaf_2.webp\" href=\"https:\/\/www.creativecooling.com\/pl\/produkty-creative-cooling\/open-top-coolers\/\">Witryny ch\u0142odnicze otwarte od g\u00f3ry<\/a>\n                                                    <a data-img=\"https:\/\/www.creativecooling.com\/wp-content\/uploads\/2023\/12\/Freezers_Diamond_Display-Freezer_1.webp\" href=\"https:\/\/www.creativecooling.com\/pl\/produkty-creative-cooling\/lady-chlodnicze\/\">Lady ch\u0142odnicze<\/a>\n                                    <\/div>\n            <img decoding=\"async\" class=\"product-categories-home-img\" src=\"\">\n            <div class=\"product-categories-home-wrapper-right\">\n                                            <a data-img=\"https:\/\/www.creativecooling.com\/wp-content\/uploads\/2023\/12\/Sellit_PRO_DeMelkweg_472x429.webp\" href=\"https:\/\/www.creativecooling.com\/pl\/produkty-creative-cooling\/chlodziarki-z-przeszklonymi-drzwiami\/\">Ch\u0142odziarki z przeszklonymi drzwiami<\/a>\n                                                    <a data-img=\"https:\/\/www.creativecooling.com\/wp-content\/uploads\/2023\/12\/AF50_Table-top-cooler_Innocent_View-left_Door-closed.webp\" href=\"https:\/\/www.creativecooling.com\/pl\/produkty-creative-cooling\/witryny-chlodnicze-nastawne\/\">Ch\u0142odziarki na lad\u0119 i bar<\/a>\n                                    <\/div>\n        <\/div>\n    <\/div>\n<\/div>\n<div class=\"rw-boostu-wrapper rw-logo-slider\">\n    <div class=\"wpbf-container\">\n        <div class=\"logo-slider-wrapper\">\n                                    \n                    <img decoding=\"async\" src=\"https:\/\/www.creativecooling.com\/wp-content\/uploads\/2023\/12\/weight-watchers.webp\" alt=\"weight-watchers\">\n\n                                            \n                    <img decoding=\"async\" src=\"https:\/\/www.creativecooling.com\/wp-content\/uploads\/2023\/12\/vitamin-well.webp\" alt=\"vitamin-well\">\n\n                                            \n                    <img decoding=\"async\" src=\"https:\/\/www.creativecooling.com\/wp-content\/uploads\/2023\/12\/unilever.webp\" alt=\"unilever\">\n\n                                            \n                    <img decoding=\"async\" src=\"https:\/\/www.creativecooling.com\/wp-content\/uploads\/2023\/12\/the-juicy-group.webp\" alt=\"the-juicy-group\">\n\n                                            \n                    <img decoding=\"async\" src=\"https:\/\/www.creativecooling.com\/wp-content\/uploads\/2023\/12\/swedish-match.webp\" alt=\"swedish-match\">\n\n                                            \n                    <img decoding=\"async\" src=\"https:\/\/www.creativecooling.com\/wp-content\/uploads\/2023\/12\/philadelphia.webp\" alt=\"philadelphia\">\n\n                                            \n                    <img decoding=\"async\" src=\"https:\/\/www.creativecooling.com\/wp-content\/uploads\/2023\/12\/meggle.webp\" alt=\"meggle\">\n\n                                            \n                    <img decoding=\"async\" src=\"https:\/\/www.creativecooling.com\/wp-content\/uploads\/2023\/12\/materne.webp\" alt=\"materne\">\n\n                                            \n                    <img decoding=\"async\" src=\"https:\/\/www.creativecooling.com\/wp-content\/uploads\/2023\/12\/lactalis.webp\" alt=\"lactalis\">\n\n                                            \n                    <img decoding=\"async\" src=\"https:\/\/www.creativecooling.com\/wp-content\/uploads\/2023\/12\/kofola.webp\" alt=\"kofola\">\n\n                                            \n                    <img decoding=\"async\" src=\"https:\/\/www.creativecooling.com\/wp-content\/uploads\/2023\/12\/jumbo.webp\" alt=\"jumbo\">\n\n                                            \n                    <img decoding=\"async\" src=\"https:\/\/www.creativecooling.com\/wp-content\/uploads\/2023\/12\/innocent.webp\" alt=\"innocent\">\n\n                                            \n                    <img decoding=\"async\" src=\"https:\/\/www.creativecooling.com\/wp-content\/uploads\/2023\/12\/ganda.webp\" alt=\"ganda\">\n\n                                            \n                    <img decoding=\"async\" src=\"https:\/\/www.creativecooling.com\/wp-content\/uploads\/2023\/12\/galbani.webp\" alt=\"galbani\">\n\n                                            \n                    <img decoding=\"async\" src=\"https:\/\/www.creativecooling.com\/wp-content\/uploads\/2023\/12\/emmi.webp\" alt=\"emmi\">\n\n                                            \n                    <img decoding=\"async\" src=\"https:\/\/www.creativecooling.com\/wp-content\/uploads\/2023\/12\/de-lelie.webp\" alt=\"de-lelie\">\n\n                                            \n                    <img decoding=\"async\" src=\"https:\/\/www.creativecooling.com\/wp-content\/uploads\/2023\/12\/coop.webp\" alt=\"coop\">\n\n                                            \n                    <img decoding=\"async\" src=\"https:\/\/www.creativecooling.com\/wp-content\/uploads\/2023\/12\/carrefour.webp\" alt=\"carrefour\">\n\n                                            \n                    <img decoding=\"async\" src=\"https:\/\/www.creativecooling.com\/wp-content\/uploads\/2023\/12\/carlsberg-group.webp\" alt=\"carlsberg-group\">\n\n                                            \n                    <img decoding=\"async\" src=\"https:\/\/www.creativecooling.com\/wp-content\/uploads\/2023\/12\/burger.webp\" alt=\"burger\">\n\n                                            \n                    <img decoding=\"async\" src=\"https:\/\/www.creativecooling.com\/wp-content\/uploads\/2023\/12\/bel-food-group.webp\" alt=\"bel-food-group\">\n\n                                            \n                    <img decoding=\"async\" src=\"https:\/\/www.creativecooling.com\/wp-content\/uploads\/2023\/12\/aveve.webp\" alt=\"aveve\">\n\n                                            \n                    <img decoding=\"async\" src=\"https:\/\/www.creativecooling.com\/wp-content\/uploads\/2023\/12\/arla.webp\" alt=\"arla\">\n\n                                            \n                    <img decoding=\"async\" src=\"https:\/\/www.creativecooling.com\/wp-content\/uploads\/2023\/12\/alpro.webp\" alt=\"alpro\">\n\n                            <\/div>\n    <\/div>\n<\/div>\n<div class=\"rw-boostu-wrapper rw-whitespace\"><\/div><div class=\"rw-boostu-wrapper rw-cases-grid \" id=\"cases-grid\">\n    <div class=\"wpbf-container\">\n        <div class=\"cases-grid-text text-align-center\">\n            <h2>Zainspiruj si\u0119<\/h2>\n        <\/div>\n                <div class=\"cases-grid-wrapper\">\n                                \n                                            <a class=\"case-grid-block\" href=\"https:\/\/www.creativecooling.com\/product\/coolio-connect-cool\/\" style=\"background-image:url('https:\/\/www.creativecooling.com\/wp-content\/uploads\/2024\/10\/IMG_15.jpg')\">\n                                            <h3>Coolio\u00ae Connect<\/h3>\n                                            <\/a>\n                                            \n                                        \n                                            <a class=\"case-grid-block\" href=\"https:\/\/www.creativecooling.com\/products\/glass-door-coolers\/\" style=\"background-image:url('https:\/\/www.creativecooling.com\/wp-content\/uploads\/2023\/12\/CCG_Sellit-MDC-87_Ritchie_392x245.webp')\">\n                                            <h3>Glass door cooler<\/h3>\n                                            <\/a>\n                                            \n                                        \n                                            <a class=\"case-grid-block\" href=\"https:\/\/www.creativecooling.com\/product\/coolio-hardboard\/\" style=\"background-image:url('https:\/\/www.creativecooling.com\/wp-content\/uploads\/2023\/12\/Untitled-design-5.png')\">\n                                            <h3>Coolio\u00ae \u00ae Hardboard<\/h3>\n                                            <\/a>\n                                            \n                                        \n                                            <a class=\"case-grid-block\" href=\"https:\/\/creativecooling.com\/products\/open-front-coolers\/\" style=\"background-image:url('https:\/\/www.creativecooling.com\/wp-content\/uploads\/2023\/12\/cool.webp')\">\n                                            <h3>City 60<\/h3>\n                                            <\/a>\n                                            \n                                        \n                                            <a class=\"case-grid-block\" href=\"https:\/\/www.creativecooling.com\/product\/coolio-connect-cool\/\" style=\"background-image:url('https:\/\/www.creativecooling.com\/wp-content\/uploads\/2024\/10\/IMG_7.jpg')\">\n                                            <h3>Coolio\u00ae Connect<\/h3>\n                                            <\/a>\n                                            \n                                        \n                                            <a class=\"case-grid-block\" href=\"https:\/\/www.creativecooling.com\/products\/counter-top-coolers\/\" style=\"background-image:url('https:\/\/www.creativecooling.com\/wp-content\/uploads\/2023\/12\/CCG_TableTop_innocent_600x400px.webp')\">\n                                            <h3>Table Top<\/h3>\n                                            <\/a>\n                                            \n                            <\/div>\n                    <div class=\"cases-btn text-align-center\">\n                <a class=\"boostu-btn\" href=\"https:\/\/www.creativecooling.com\/pl\/zainspiruj-sie\/\">Discover all inspiration<\/a>\n            <\/div>\n            <\/div>\n<\/div>\n<div class=\"rw-boostu-wrapper rw-whitespace\"><\/div><div class=\"rw-boostu-wrapper rw-services-tabs\">\n    <div class=\"wpbf-container\">\n        <div class=\"services-tabs-wrapper\">\n            <img decoding=\"async\" src=\"https:\/\/www.creativecooling.com\/wp-content\/uploads\/2023\/12\/GettyImages-1170434093-zwemband-v2-_1_.jpeg\" alt=\"GettyImages-1170434093-zwemband-v2-_1_\">\n            <div class=\"services-tabs-text\">\n                <h2>US\u0141UGI, DZI\u0118KI KT\u00d3RYM \u0141ATWIEJ OSI\u0104GNIESZ SUKCES<\/h2>\n<p>Nasza misja \u201eBridging Brands with People\u201d obejmuje r\u00f3wnie\u017c dodatkowe us\u0142ugi, kt\u00f3re sprawi\u0105, \u017ce Tw\u00f3j projekt odniesie sukces.<\/p>\n                <div class=\"services-tabs-wrapper\">\n                                                <a href=\"https:\/\/www.creativecooling.com\/pl\/uslugi\/\">Aktywacja<\/a>\n                                                    <a href=\"https:\/\/www.creativecooling.com\/pl\/uslugi\/\">Projekt<\/a>\n                                                    <a href=\"https:\/\/www.creativecooling.com\/pl\/uslugi\/\">Renowacja<\/a>\n                                                    <a href=\"https:\/\/www.creativecooling.com\/pl\/uslugi\/\">Wsparcie<\/a>\n                                                    <a href=\"https:\/\/www.creativecooling.com\/pl\/uslugi\/\">Produkcja<\/a>\n                                                    <a href=\"https:\/\/www.creativecooling.com\/pl\/uslugi\/\">Najem<\/a>\n                                        <\/div>\n            <\/div>\n        <\/div>\n    <\/div>\n<\/div>\n<div class=\"rw-boostu-wrapper rw-whitespace\"><\/div>    <div class=\"rw-boostu-wrapper rw-banner whitetext add-logo \">\n    <div class=\"wpbf-container\">\n        <div class=\"banner-text\">\n            <h2>Gotowy na zabaw\u0119 na ch\u0142odno?<\/h2>\n<p>Bez wzgl\u0119du na to, jakiego rodzaju rozwi\u0105zania szukasz, nasi eksperci nigdy nie trac\u0105 zimnej krwi. Z ch\u0119ci\u0105 porozmawiamy o Twoich pomys\u0142ach.<\/p>\n                            <a class=\"boostu-btn\" href=\"https:\/\/www.creativecooling.com\/pl\/skontaktuj-sie-z-nami\/\" >Porozmawiajmy<\/a>\n                    <\/div>\n    <\/div>\n<\/div>\n<\/div>","protected":false},"excerpt":{"rendered":"","protected":false},"author":1,"featured_media":0,"parent":0,"menu_order":32,"comment_status":"closed","ping_status":"closed","template":"","meta":{"_acf_changed":false,"footnotes":""},"class_list":["post-3352","page","type-page","status-publish","hentry","wpbf-post"],"acf":[],"yoast_head":"<!-- This site is optimized with the Yoast SEO plugin v27.3 - https:\/\/yoast.com\/product\/yoast-seo-wordpress\/ -->\n<title>Strona g\u0142\u00f3wna - Creative Cooling Group<\/title>\n<meta name=\"robots\" content=\"index, follow, max-snippet:-1, max-image-preview:large, max-video-preview:-1\" \/>\n<link rel=\"canonical\" href=\"https:\/\/www.creativecooling.com\/pl\/\" \/>\n<meta property=\"og:locale\" content=\"pl_PL\" \/>\n<meta property=\"og:type\" content=\"article\" \/>\n<meta property=\"og:title\" content=\"Strona g\u0142\u00f3wna - Creative Cooling Group\" \/>\n<meta property=\"og:url\" content=\"https:\/\/www.creativecooling.com\/pl\/\" \/>\n<meta property=\"og:site_name\" content=\"Creative Cooling Group\" \/>\n<meta property=\"article:modified_time\" content=\"2025-03-26T09:34:52+00:00\" \/>\n<meta name=\"twitter:card\" content=\"summary_large_image\" \/>\n<script type=\"application\/ld+json\" class=\"yoast-schema-graph\">{\"@context\":\"https:\\\/\\\/schema.org\",\"@graph\":[{\"@type\":\"WebPage\",\"@id\":\"https:\\\/\\\/www.creativecooling.com\\\/pl\\\/\",\"url\":\"https:\\\/\\\/www.creativecooling.com\\\/pl\\\/\",\"name\":\"Strona g\u0142\u00f3wna - Creative Cooling Group\",\"isPartOf\":{\"@id\":\"https:\\\/\\\/www.creativecooling.com\\\/#website\"},\"datePublished\":\"2023-12-11T08:48:13+00:00\",\"dateModified\":\"2025-03-26T09:34:52+00:00\",\"breadcrumb\":{\"@id\":\"https:\\\/\\\/www.creativecooling.com\\\/pl\\\/#breadcrumb\"},\"inLanguage\":\"pl-PL\",\"potentialAction\":[{\"@type\":\"ReadAction\",\"target\":[\"https:\\\/\\\/www.creativecooling.com\\\/pl\\\/\"]}]},{\"@type\":\"BreadcrumbList\",\"@id\":\"https:\\\/\\\/www.creativecooling.com\\\/pl\\\/#breadcrumb\",\"itemListElement\":[{\"@type\":\"ListItem\",\"position\":1,\"name\":\"Home\",\"item\":\"https:\\\/\\\/www.creativecooling.com\\\/pl\\\/\"},{\"@type\":\"ListItem\",\"position\":2,\"name\":\"Strona g\u0142\u00f3wna\"}]},{\"@type\":\"WebSite\",\"@id\":\"https:\\\/\\\/www.creativecooling.com\\\/#website\",\"url\":\"https:\\\/\\\/www.creativecooling.com\\\/\",\"name\":\"Creative Cooling Group\",\"description\":\"\",\"potentialAction\":[{\"@type\":\"SearchAction\",\"target\":{\"@type\":\"EntryPoint\",\"urlTemplate\":\"https:\\\/\\\/www.creativecooling.com\\\/?s={search_term_string}\"},\"query-input\":{\"@type\":\"PropertyValueSpecification\",\"valueRequired\":true,\"valueName\":\"search_term_string\"}}],\"inLanguage\":\"pl-PL\"}]}<\/script>\n<!-- \/ Yoast SEO plugin. -->","yoast_head_json":{"title":"Strona g\u0142\u00f3wna - Creative Cooling Group","robots":{"index":"index","follow":"follow","max-snippet":"max-snippet:-1","max-image-preview":"max-image-preview:large","max-video-preview":"max-video-preview:-1"},"canonical":"https:\/\/www.creativecooling.com\/pl\/","og_locale":"pl_PL","og_type":"article","og_title":"Strona g\u0142\u00f3wna - Creative Cooling Group","og_url":"https:\/\/www.creativecooling.com\/pl\/","og_site_name":"Creative Cooling Group","article_modified_time":"2025-03-26T09:34:52+00:00","twitter_card":"summary_large_image","schema":{"@context":"https:\/\/schema.org","@graph":[{"@type":"WebPage","@id":"https:\/\/www.creativecooling.com\/pl\/","url":"https:\/\/www.creativecooling.com\/pl\/","name":"Strona g\u0142\u00f3wna - Creative Cooling Group","isPartOf":{"@id":"https:\/\/www.creativecooling.com\/#website"},"datePublished":"2023-12-11T08:48:13+00:00","dateModified":"2025-03-26T09:34:52+00:00","breadcrumb":{"@id":"https:\/\/www.creativecooling.com\/pl\/#breadcrumb"},"inLanguage":"pl-PL","potentialAction":[{"@type":"ReadAction","target":["https:\/\/www.creativecooling.com\/pl\/"]}]},{"@type":"BreadcrumbList","@id":"https:\/\/www.creativecooling.com\/pl\/#breadcrumb","itemListElement":[{"@type":"ListItem","position":1,"name":"Home","item":"https:\/\/www.creativecooling.com\/pl\/"},{"@type":"ListItem","position":2,"name":"Strona g\u0142\u00f3wna"}]},{"@type":"WebSite","@id":"https:\/\/www.creativecooling.com\/#website","url":"https:\/\/www.creativecooling.com\/","name":"Creative Cooling Group","description":"","potentialAction":[{"@type":"SearchAction","target":{"@type":"EntryPoint","urlTemplate":"https:\/\/www.creativecooling.com\/?s={search_term_string}"},"query-input":{"@type":"PropertyValueSpecification","valueRequired":true,"valueName":"search_term_string"}}],"inLanguage":"pl-PL"}]}},"_links":{"self":[{"href":"https:\/\/www.creativecooling.com\/pl\/wp-json\/wp\/v2\/pages\/3352","targetHints":{"allow":["GET"]}}],"collection":[{"href":"https:\/\/www.creativecooling.com\/pl\/wp-json\/wp\/v2\/pages"}],"about":[{"href":"https:\/\/www.creativecooling.com\/pl\/wp-json\/wp\/v2\/types\/page"}],"author":[{"embeddable":true,"href":"https:\/\/www.creativecooling.com\/pl\/wp-json\/wp\/v2\/users\/1"}],"replies":[{"embeddable":true,"href":"https:\/\/www.creativecooling.com\/pl\/wp-json\/wp\/v2\/comments?post=3352"}],"version-history":[{"count":5,"href":"https:\/\/www.creativecooling.com\/pl\/wp-json\/wp\/v2\/pages\/3352\/revisions"}],"predecessor-version":[{"id":3812,"href":"https:\/\/www.creativecooling.com\/pl\/wp-json\/wp\/v2\/pages\/3352\/revisions\/3812"}],"wp:attachment":[{"href":"https:\/\/www.creativecooling.com\/pl\/wp-json\/wp\/v2\/media?parent=3352"}],"curies":[{"name":"wp","href":"https:\/\/api.w.org\/{rel}","templated":true}]}}