{"id":3099,"date":"2023-12-19T08:52:16","date_gmt":"2023-12-19T07:52:16","guid":{"rendered":"https:\/\/www.creativecooling.com\/produits-de-refrigeration-creatifs\/refrigerateurs-a-ouverture-par-le-haut\/cube-65-100\/"},"modified":"2025-03-26T09:59:18","modified_gmt":"2025-03-26T08:59:18","slug":"cube-65-100","status":"publish","type":"page","link":"https:\/\/www.creativecooling.com\/fr\/produits-de-refrigeration-creatifs\/refrigerateurs-a-ouverture-par-le-haut\/cube-65-100\/","title":{"rendered":"Cube 65-100"},"content":{"rendered":"<div class=\"column\">\n\t<div class=\"rw-boostu-wrapper rw-whitespace\"><\/div><div class=\"rw-boostu-wrapper rw-products\">\n    <div class=\"wpbf-container\">\n        <div class=\"products-text\">\n            <h1>Cube 65-100<\/h1>\n                            <p class=\"product-categories-breadcrumb\">Retourner \u00e0 : <a href=\"https:\/\/www.creativecooling.com\/fr\/produits-de-refrigeration-creatifs\/\">Produits<\/a> <span class=\"arrow\">><\/span> <a href=\"https:\/\/www.creativecooling.com\/fr\/produits-de-refrigeration-creatifs\/refrigerateurs-a-ouverture-par-le-haut\/\">R\u00e9frig\u00e9rateurs \u00e0 ouverture par le haut<\/a> <span class=\"arrow\">><\/span> <a href=\"https:\/\/www.creativecooling.com\/fr\/produits-de-refrigeration-creatifs\/refrigerateurs-a-ouverture-par-le-haut\/cube-65-100\/\">Cube 65-100<\/a><\/p>\n                    <\/div>\n        <div class=\"products-wrapper\">\n            \n                    <a href=\"https:\/\/www.creativecooling.com\/fr\/product\/cube-65-100\/\" class=\"product-block\">\n                        <img decoding=\"async\" src=\"https:\/\/www.creativecooling.com\/wp-content\/uploads\/2023\/12\/Cube-65_Black_655x1000.webp\" alt=\"Cube 65_Black_655x1000\">\n                        <h3>Cube 65-100<\/h3>\n                        <ul>\n                                                            <li>Dimensions (WxHxD mm): 560 x 456 x 426<\/li>\n                                                                                        <li>Net weight (kg): 84<\/li>\n                                                    <\/ul>\n                        <p class=\"link\">En savoir plus<\/p>\n                    <\/a> \n                        \n                            <\/div>\n    <\/div>\n<\/div>\n<div class=\"rw-boostu-wrapper rw-whitespace\"><\/div>    <div class=\"rw-boostu-wrapper rw-banner whitetext add-logo \">\n    <div class=\"wpbf-container\">\n        <div class=\"banner-text\">\n            <h2>Pr\u00eat \u00e0 jouer la carte du calme?<\/h2>\n<p>Quel que soit le type de solution que vous recherchez, nos experts ne perdent jamais leur sang-froid. Nous serions ravis de discuter avec vous de vos id\u00e9es.<\/p>\n                            <a class=\"boostu-btn\" href=\"https:\/\/www.creativecooling.com\/fr\/contactez-nous\/\" >Let&rsquo;s talk<\/a>\n                    <\/div>\n    <\/div>\n<\/div>\n<\/div>","protected":false},"excerpt":{"rendered":"<p>Vous souhaitez pr\u00e9senter votre produit de la mani\u00e8re la plus visuelle possible sans perdre en flexibilit\u00e9 ? Le Cube 65 est portable, personnalisable et offre une visibilit\u00e9 des produits \u00e0 360\u00b0. Il suffit de le faire rouler jusqu\u2019\u00e0 l\u2019emplacement de votre choix, de le brancher et de le laisser refroidir.<\/p>\n","protected":false},"author":1,"featured_media":3096,"parent":2947,"menu_order":23,"comment_status":"closed","ping_status":"closed","template":"","meta":{"_acf_changed":false,"footnotes":""},"class_list":["post-3099","page","type-page","status-publish","has-post-thumbnail","hentry","wpbf-post"],"acf":[],"yoast_head":"<!-- This site is optimized with the Yoast SEO plugin v27.3 - https:\/\/yoast.com\/product\/yoast-seo-wordpress\/ -->\n<title>Cube 65-100 - Creative Cooling Group<\/title>\n<meta name=\"robots\" content=\"index, follow, max-snippet:-1, max-image-preview:large, max-video-preview:-1\" \/>\n<link rel=\"canonical\" href=\"https:\/\/www.creativecooling.com\/fr\/produits-de-refrigeration-creatifs\/refrigerateurs-a-ouverture-par-le-haut\/cube-65-100\/\" \/>\n<meta property=\"og:locale\" content=\"fr_FR\" \/>\n<meta property=\"og:type\" content=\"article\" \/>\n<meta property=\"og:title\" content=\"Cube 65-100 - Creative Cooling Group\" \/>\n<meta property=\"og:description\" content=\"Vous souhaitez pr\u00e9senter votre produit de la mani\u00e8re la plus visuelle possible sans perdre en flexibilit\u00e9 ? Le Cube 65 est portable, personnalisable et offre une visibilit\u00e9 des produits \u00e0 360\u00b0. Il suffit de le faire rouler jusqu\u2019\u00e0 l\u2019emplacement de votre choix, de le brancher et de le laisser refroidir.\" \/>\n<meta property=\"og:url\" content=\"https:\/\/www.creativecooling.com\/fr\/produits-de-refrigeration-creatifs\/refrigerateurs-a-ouverture-par-le-haut\/cube-65-100\/\" \/>\n<meta property=\"og:site_name\" content=\"Creative Cooling Group\" \/>\n<meta property=\"article:modified_time\" content=\"2025-03-26T08:59:18+00:00\" \/>\n<meta property=\"og:image\" content=\"https:\/\/www.creativecooling.com\/wp-content\/uploads\/2023\/12\/Cube-65_Black_655x1000-1.webp\" \/>\n\t<meta property=\"og:image:width\" content=\"1000\" \/>\n\t<meta property=\"og:image:height\" content=\"655\" \/>\n\t<meta property=\"og:image:type\" content=\"image\/webp\" \/>\n<meta name=\"twitter:card\" content=\"summary_large_image\" \/>\n<meta name=\"twitter:label1\" content=\"Dur\u00e9e de lecture estim\u00e9e\" \/>\n\t<meta name=\"twitter:data1\" content=\"1 minute\" \/>\n<script type=\"application\/ld+json\" class=\"yoast-schema-graph\">{\"@context\":\"https:\\\/\\\/schema.org\",\"@graph\":[{\"@type\":\"WebPage\",\"@id\":\"https:\\\/\\\/www.creativecooling.com\\\/fr\\\/produits-de-refrigeration-creatifs\\\/refrigerateurs-a-ouverture-par-le-haut\\\/cube-65-100\\\/\",\"url\":\"https:\\\/\\\/www.creativecooling.com\\\/fr\\\/produits-de-refrigeration-creatifs\\\/refrigerateurs-a-ouverture-par-le-haut\\\/cube-65-100\\\/\",\"name\":\"Cube 65-100 - Creative Cooling Group\",\"isPartOf\":{\"@id\":\"https:\\\/\\\/www.creativecooling.com\\\/#website\"},\"primaryImageOfPage\":{\"@id\":\"https:\\\/\\\/www.creativecooling.com\\\/fr\\\/produits-de-refrigeration-creatifs\\\/refrigerateurs-a-ouverture-par-le-haut\\\/cube-65-100\\\/#primaryimage\"},\"image\":{\"@id\":\"https:\\\/\\\/www.creativecooling.com\\\/fr\\\/produits-de-refrigeration-creatifs\\\/refrigerateurs-a-ouverture-par-le-haut\\\/cube-65-100\\\/#primaryimage\"},\"thumbnailUrl\":\"https:\\\/\\\/www.creativecooling.com\\\/wp-content\\\/uploads\\\/2023\\\/12\\\/Cube-65_Black_655x1000-1.webp\",\"datePublished\":\"2023-12-19T07:52:16+00:00\",\"dateModified\":\"2025-03-26T08:59:18+00:00\",\"breadcrumb\":{\"@id\":\"https:\\\/\\\/www.creativecooling.com\\\/fr\\\/produits-de-refrigeration-creatifs\\\/refrigerateurs-a-ouverture-par-le-haut\\\/cube-65-100\\\/#breadcrumb\"},\"inLanguage\":\"fr-FR\",\"potentialAction\":[{\"@type\":\"ReadAction\",\"target\":[\"https:\\\/\\\/www.creativecooling.com\\\/fr\\\/produits-de-refrigeration-creatifs\\\/refrigerateurs-a-ouverture-par-le-haut\\\/cube-65-100\\\/\"]}]},{\"@type\":\"ImageObject\",\"inLanguage\":\"fr-FR\",\"@id\":\"https:\\\/\\\/www.creativecooling.com\\\/fr\\\/produits-de-refrigeration-creatifs\\\/refrigerateurs-a-ouverture-par-le-haut\\\/cube-65-100\\\/#primaryimage\",\"url\":\"https:\\\/\\\/www.creativecooling.com\\\/wp-content\\\/uploads\\\/2023\\\/12\\\/Cube-65_Black_655x1000-1.webp\",\"contentUrl\":\"https:\\\/\\\/www.creativecooling.com\\\/wp-content\\\/uploads\\\/2023\\\/12\\\/Cube-65_Black_655x1000-1.webp\",\"width\":1000,\"height\":655},{\"@type\":\"BreadcrumbList\",\"@id\":\"https:\\\/\\\/www.creativecooling.com\\\/fr\\\/produits-de-refrigeration-creatifs\\\/refrigerateurs-a-ouverture-par-le-haut\\\/cube-65-100\\\/#breadcrumb\",\"itemListElement\":[{\"@type\":\"ListItem\",\"position\":1,\"name\":\"Home\",\"item\":\"https:\\\/\\\/www.creativecooling.com\\\/fr\\\/\"},{\"@type\":\"ListItem\",\"position\":2,\"name\":\"Produits de r\u00e9frig\u00e9ration cr\u00e9atifs\",\"item\":\"https:\\\/\\\/www.creativecooling.com\\\/fr\\\/produits-de-refrigeration-creatifs\\\/\"},{\"@type\":\"ListItem\",\"position\":3,\"name\":\"R\u00e9frig\u00e9rateurs \u00e0 ouverture par le haut\",\"item\":\"https:\\\/\\\/www.creativecooling.com\\\/fr\\\/produits-de-refrigeration-creatifs\\\/refrigerateurs-a-ouverture-par-le-haut\\\/\"},{\"@type\":\"ListItem\",\"position\":4,\"name\":\"Cube 65-100\"}]},{\"@type\":\"WebSite\",\"@id\":\"https:\\\/\\\/www.creativecooling.com\\\/#website\",\"url\":\"https:\\\/\\\/www.creativecooling.com\\\/\",\"name\":\"Creative Cooling Group\",\"description\":\"\",\"potentialAction\":[{\"@type\":\"SearchAction\",\"target\":{\"@type\":\"EntryPoint\",\"urlTemplate\":\"https:\\\/\\\/www.creativecooling.com\\\/?s={search_term_string}\"},\"query-input\":{\"@type\":\"PropertyValueSpecification\",\"valueRequired\":true,\"valueName\":\"search_term_string\"}}],\"inLanguage\":\"fr-FR\"}]}<\/script>\n<!-- \/ Yoast SEO plugin. -->","yoast_head_json":{"title":"Cube 65-100 - Creative Cooling Group","robots":{"index":"index","follow":"follow","max-snippet":"max-snippet:-1","max-image-preview":"max-image-preview:large","max-video-preview":"max-video-preview:-1"},"canonical":"https:\/\/www.creativecooling.com\/fr\/produits-de-refrigeration-creatifs\/refrigerateurs-a-ouverture-par-le-haut\/cube-65-100\/","og_locale":"fr_FR","og_type":"article","og_title":"Cube 65-100 - Creative Cooling Group","og_description":"Vous souhaitez pr\u00e9senter votre produit de la mani\u00e8re la plus visuelle possible sans perdre en flexibilit\u00e9 ? Le Cube 65 est portable, personnalisable et offre une visibilit\u00e9 des produits \u00e0 360\u00b0. Il suffit de le faire rouler jusqu\u2019\u00e0 l\u2019emplacement de votre choix, de le brancher et de le laisser refroidir.","og_url":"https:\/\/www.creativecooling.com\/fr\/produits-de-refrigeration-creatifs\/refrigerateurs-a-ouverture-par-le-haut\/cube-65-100\/","og_site_name":"Creative Cooling Group","article_modified_time":"2025-03-26T08:59:18+00:00","og_image":[{"width":1000,"height":655,"url":"https:\/\/www.creativecooling.com\/wp-content\/uploads\/2023\/12\/Cube-65_Black_655x1000-1.webp","type":"image\/webp"}],"twitter_card":"summary_large_image","twitter_misc":{"Dur\u00e9e de lecture estim\u00e9e":"1 minute"},"schema":{"@context":"https:\/\/schema.org","@graph":[{"@type":"WebPage","@id":"https:\/\/www.creativecooling.com\/fr\/produits-de-refrigeration-creatifs\/refrigerateurs-a-ouverture-par-le-haut\/cube-65-100\/","url":"https:\/\/www.creativecooling.com\/fr\/produits-de-refrigeration-creatifs\/refrigerateurs-a-ouverture-par-le-haut\/cube-65-100\/","name":"Cube 65-100 - Creative Cooling Group","isPartOf":{"@id":"https:\/\/www.creativecooling.com\/#website"},"primaryImageOfPage":{"@id":"https:\/\/www.creativecooling.com\/fr\/produits-de-refrigeration-creatifs\/refrigerateurs-a-ouverture-par-le-haut\/cube-65-100\/#primaryimage"},"image":{"@id":"https:\/\/www.creativecooling.com\/fr\/produits-de-refrigeration-creatifs\/refrigerateurs-a-ouverture-par-le-haut\/cube-65-100\/#primaryimage"},"thumbnailUrl":"https:\/\/www.creativecooling.com\/wp-content\/uploads\/2023\/12\/Cube-65_Black_655x1000-1.webp","datePublished":"2023-12-19T07:52:16+00:00","dateModified":"2025-03-26T08:59:18+00:00","breadcrumb":{"@id":"https:\/\/www.creativecooling.com\/fr\/produits-de-refrigeration-creatifs\/refrigerateurs-a-ouverture-par-le-haut\/cube-65-100\/#breadcrumb"},"inLanguage":"fr-FR","potentialAction":[{"@type":"ReadAction","target":["https:\/\/www.creativecooling.com\/fr\/produits-de-refrigeration-creatifs\/refrigerateurs-a-ouverture-par-le-haut\/cube-65-100\/"]}]},{"@type":"ImageObject","inLanguage":"fr-FR","@id":"https:\/\/www.creativecooling.com\/fr\/produits-de-refrigeration-creatifs\/refrigerateurs-a-ouverture-par-le-haut\/cube-65-100\/#primaryimage","url":"https:\/\/www.creativecooling.com\/wp-content\/uploads\/2023\/12\/Cube-65_Black_655x1000-1.webp","contentUrl":"https:\/\/www.creativecooling.com\/wp-content\/uploads\/2023\/12\/Cube-65_Black_655x1000-1.webp","width":1000,"height":655},{"@type":"BreadcrumbList","@id":"https:\/\/www.creativecooling.com\/fr\/produits-de-refrigeration-creatifs\/refrigerateurs-a-ouverture-par-le-haut\/cube-65-100\/#breadcrumb","itemListElement":[{"@type":"ListItem","position":1,"name":"Home","item":"https:\/\/www.creativecooling.com\/fr\/"},{"@type":"ListItem","position":2,"name":"Produits de r\u00e9frig\u00e9ration cr\u00e9atifs","item":"https:\/\/www.creativecooling.com\/fr\/produits-de-refrigeration-creatifs\/"},{"@type":"ListItem","position":3,"name":"R\u00e9frig\u00e9rateurs \u00e0 ouverture par le haut","item":"https:\/\/www.creativecooling.com\/fr\/produits-de-refrigeration-creatifs\/refrigerateurs-a-ouverture-par-le-haut\/"},{"@type":"ListItem","position":4,"name":"Cube 65-100"}]},{"@type":"WebSite","@id":"https:\/\/www.creativecooling.com\/#website","url":"https:\/\/www.creativecooling.com\/","name":"Creative Cooling Group","description":"","potentialAction":[{"@type":"SearchAction","target":{"@type":"EntryPoint","urlTemplate":"https:\/\/www.creativecooling.com\/?s={search_term_string}"},"query-input":{"@type":"PropertyValueSpecification","valueRequired":true,"valueName":"search_term_string"}}],"inLanguage":"fr-FR"}]}},"_links":{"self":[{"href":"https:\/\/www.creativecooling.com\/fr\/wp-json\/wp\/v2\/pages\/3099","targetHints":{"allow":["GET"]}}],"collection":[{"href":"https:\/\/www.creativecooling.com\/fr\/wp-json\/wp\/v2\/pages"}],"about":[{"href":"https:\/\/www.creativecooling.com\/fr\/wp-json\/wp\/v2\/types\/page"}],"author":[{"embeddable":true,"href":"https:\/\/www.creativecooling.com\/fr\/wp-json\/wp\/v2\/users\/1"}],"replies":[{"embeddable":true,"href":"https:\/\/www.creativecooling.com\/fr\/wp-json\/wp\/v2\/comments?post=3099"}],"version-history":[{"count":2,"href":"https:\/\/www.creativecooling.com\/fr\/wp-json\/wp\/v2\/pages\/3099\/revisions"}],"predecessor-version":[{"id":3763,"href":"https:\/\/www.creativecooling.com\/fr\/wp-json\/wp\/v2\/pages\/3099\/revisions\/3763"}],"up":[{"embeddable":true,"href":"https:\/\/www.creativecooling.com\/fr\/wp-json\/wp\/v2\/pages\/2947"}],"wp:featuredmedia":[{"embeddable":true,"href":"https:\/\/www.creativecooling.com\/fr\/wp-json\/wp\/v2\/media\/3096"}],"wp:attachment":[{"href":"https:\/\/www.creativecooling.com\/fr\/wp-json\/wp\/v2\/media?parent=3099"}],"curies":[{"name":"wp","href":"https:\/\/api.w.org\/{rel}","templated":true}]}}