{"id":3434,"date":"2025-03-24T09:46:27","date_gmt":"2025-03-24T08:46:27","guid":{"rendered":"https:\/\/www.creativecooling.com\/?page_id=3434"},"modified":"2025-03-26T09:42:57","modified_gmt":"2025-03-26T08:42:57","slug":"iris-series","status":"publish","type":"page","link":"https:\/\/www.creativecooling.com\/es\/productos-de-refrigeracion-creativos\/refrigeradores-con-apertura-frontal\/iris-series\/","title":{"rendered":"Iris series"},"content":{"rendered":"<div class=\"column\">\n\t<div class=\"rw-boostu-wrapper rw-whitespace\"><\/div><div class=\"rw-boostu-wrapper rw-products\">\n    <div class=\"wpbf-container\">\n        <div class=\"products-text\">\n            <h1>Iris series<\/h1>\n                            <p class=\"product-categories-breadcrumb\">Volver a: <a href=\"https:\/\/www.creativecooling.com\/es\/productos-de-refrigeracion-creativos\/\">Productos<\/a> <span class=\"arrow\">><\/span> <a href=\"https:\/\/www.creativecooling.com\/es\/productos-de-refrigeracion-creativos\/refrigeradores-con-apertura-frontal\/\">Refrigeradores con apertura frontal<\/a> <span class=\"arrow\">><\/span> <a href=\"https:\/\/www.creativecooling.com\/es\/productos-de-refrigeracion-creativos\/refrigeradores-con-apertura-frontal\/iris-series\/\">Iris series<\/a><\/p>\n                    <\/div>\n        <div class=\"products-wrapper\">\n            \n                    <a href=\"https:\/\/www.creativecooling.com\/es\/product\/commander-60-150\/\" class=\"product-block\">\n                        <img decoding=\"async\" src=\"https:\/\/www.creativecooling.com\/wp-content\/uploads\/2025\/02\/Iris.jpg\" alt=\"Iris\">\n                        <h3>Iris 60<\/h3>\n                        <ul>\n                                                            <li>Dimensions (WxHxD mm): 594 x 655 x  1440<\/li>\n                                                                                        <li>Net weight (kg): 125<\/li>\n                                                    <\/ul>\n                        <p class=\"link\">M\u00e1s informaci\u00f3n<\/p>\n                    <\/a> \n                        \n                    \n                    <a href=\"https:\/\/www.creativecooling.com\/es\/product\/commander-90-160\/\" class=\"product-block\">\n                        <img decoding=\"async\" src=\"https:\/\/www.creativecooling.com\/wp-content\/uploads\/2025\/02\/Iris.jpg\" alt=\"Iris\">\n                        <h3>Iris 90<\/h3>\n                        <ul>\n                                                            <li>Dimensions (WxHxD mm): 884 x 665 x 1440<\/li>\n                                                                                        <li>Net weight (kg): 140<\/li>\n                                                    <\/ul>\n                        <p class=\"link\">M\u00e1s informaci\u00f3n<\/p>\n                    <\/a> \n                        \n                    \n                    <a href=\"https:\/\/www.creativecooling.com\/es\/product\/commander-75-150\/\" class=\"product-block\">\n                        <img decoding=\"async\" src=\"https:\/\/www.creativecooling.com\/wp-content\/uploads\/2025\/02\/Iris.jpg\" alt=\"Iris\">\n                        <h3>Iris 120<\/h3>\n                        <ul>\n                                                            <li>Dimensions (WxHxD mm): 1200 x 655 x 1440<\/li>\n                                                                                        <li>Net weight (kg): 160<\/li>\n                                                    <\/ul>\n                        <p class=\"link\">M\u00e1s informaci\u00f3n<\/p>\n                    <\/a> \n                        \n                            <\/div>\n    <\/div>\n<\/div>\n<div class=\"rw-boostu-wrapper rw-whitespace\"><\/div>    <div class=\"rw-boostu-wrapper rw-banner whitetext add-logo \">\n    <div class=\"wpbf-container\">\n        <div class=\"banner-text\">\n            <h2>\u00bfPreparado para jugar limpio?<\/h2>\n<p>No importa qu\u00e9 tipo de soluci\u00f3n est\u00e9 buscando, nuestros expertos nunca pierden la calma. Nos encantar\u00eda charlar con usted y comentarle sus ideas.<\/p>\n                            <a class=\"boostu-btn\" href=\"https:\/\/www.creativecooling.com\/es\/contactenos\/\" >Let&#8217;s talk<\/a>\n                    <\/div>\n    <\/div>\n<\/div>\n<\/div>","protected":false},"excerpt":{"rendered":"","protected":false},"author":1,"featured_media":3267,"parent":3263,"menu_order":16,"comment_status":"closed","ping_status":"closed","template":"","meta":{"_acf_changed":false,"footnotes":""},"class_list":["post-3434","page","type-page","status-publish","has-post-thumbnail","hentry","wpbf-post"],"acf":[],"yoast_head":"<!-- This site is optimized with the Yoast SEO plugin v27.2 - https:\/\/yoast.com\/product\/yoast-seo-wordpress\/ -->\n<title>Iris series - Creative Cooling Group<\/title>\n<meta name=\"robots\" content=\"index, follow, max-snippet:-1, max-image-preview:large, max-video-preview:-1\" \/>\n<link rel=\"canonical\" href=\"https:\/\/www.creativecooling.com\/es\/productos-de-refrigeracion-creativos\/refrigeradores-con-apertura-frontal\/iris-series\/\" \/>\n<meta property=\"og:locale\" content=\"es_ES\" \/>\n<meta property=\"og:type\" content=\"article\" \/>\n<meta property=\"og:title\" content=\"Iris series - Creative Cooling Group\" \/>\n<meta property=\"og:url\" content=\"https:\/\/www.creativecooling.com\/es\/productos-de-refrigeracion-creativos\/refrigeradores-con-apertura-frontal\/iris-series\/\" \/>\n<meta property=\"og:site_name\" content=\"Creative Cooling Group\" \/>\n<meta property=\"article:modified_time\" content=\"2025-03-26T08:42:57+00:00\" \/>\n<meta property=\"og:image\" content=\"https:\/\/www.creativecooling.com\/wp-content\/uploads\/2025\/02\/Iris.jpg\" \/>\n\t<meta property=\"og:image:width\" content=\"1156\" \/>\n\t<meta property=\"og:image:height\" content=\"1156\" \/>\n\t<meta property=\"og:image:type\" content=\"image\/jpeg\" \/>\n<meta name=\"twitter:card\" content=\"summary_large_image\" \/>\n<meta name=\"twitter:label1\" content=\"Tiempo de lectura\" \/>\n\t<meta name=\"twitter:data1\" content=\"1 minuto\" \/>\n<script type=\"application\/ld+json\" class=\"yoast-schema-graph\">{\"@context\":\"https:\/\/schema.org\",\"@graph\":[{\"@type\":\"WebPage\",\"@id\":\"https:\/\/www.creativecooling.com\/es\/productos-de-refrigeracion-creativos\/refrigeradores-con-apertura-frontal\/iris-series\/\",\"url\":\"https:\/\/www.creativecooling.com\/es\/productos-de-refrigeracion-creativos\/refrigeradores-con-apertura-frontal\/iris-series\/\",\"name\":\"Iris series - Creative Cooling Group\",\"isPartOf\":{\"@id\":\"https:\/\/www.creativecooling.com\/#website\"},\"primaryImageOfPage\":{\"@id\":\"https:\/\/www.creativecooling.com\/es\/productos-de-refrigeracion-creativos\/refrigeradores-con-apertura-frontal\/iris-series\/#primaryimage\"},\"image\":{\"@id\":\"https:\/\/www.creativecooling.com\/es\/productos-de-refrigeracion-creativos\/refrigeradores-con-apertura-frontal\/iris-series\/#primaryimage\"},\"thumbnailUrl\":\"https:\/\/www.creativecooling.com\/wp-content\/uploads\/2025\/02\/Iris.jpg\",\"datePublished\":\"2025-03-24T08:46:27+00:00\",\"dateModified\":\"2025-03-26T08:42:57+00:00\",\"breadcrumb\":{\"@id\":\"https:\/\/www.creativecooling.com\/es\/productos-de-refrigeracion-creativos\/refrigeradores-con-apertura-frontal\/iris-series\/#breadcrumb\"},\"inLanguage\":\"es\",\"potentialAction\":[{\"@type\":\"ReadAction\",\"target\":[\"https:\/\/www.creativecooling.com\/es\/productos-de-refrigeracion-creativos\/refrigeradores-con-apertura-frontal\/iris-series\/\"]}]},{\"@type\":\"ImageObject\",\"inLanguage\":\"es\",\"@id\":\"https:\/\/www.creativecooling.com\/es\/productos-de-refrigeracion-creativos\/refrigeradores-con-apertura-frontal\/iris-series\/#primaryimage\",\"url\":\"https:\/\/www.creativecooling.com\/wp-content\/uploads\/2025\/02\/Iris.jpg\",\"contentUrl\":\"https:\/\/www.creativecooling.com\/wp-content\/uploads\/2025\/02\/Iris.jpg\",\"width\":1156,\"height\":1156},{\"@type\":\"BreadcrumbList\",\"@id\":\"https:\/\/www.creativecooling.com\/es\/productos-de-refrigeracion-creativos\/refrigeradores-con-apertura-frontal\/iris-series\/#breadcrumb\",\"itemListElement\":[{\"@type\":\"ListItem\",\"position\":1,\"name\":\"Home\",\"item\":\"https:\/\/www.creativecooling.com\/es\/\"},{\"@type\":\"ListItem\",\"position\":2,\"name\":\"Productos de refrigeraci\u00f3n creativos\",\"item\":\"https:\/\/www.creativecooling.com\/es\/productos-de-refrigeracion-creativos\/\"},{\"@type\":\"ListItem\",\"position\":3,\"name\":\"Refrigeradores con apertura frontal\",\"item\":\"https:\/\/www.creativecooling.com\/es\/productos-de-refrigeracion-creativos\/refrigeradores-con-apertura-frontal\/\"},{\"@type\":\"ListItem\",\"position\":4,\"name\":\"Iris series\"}]},{\"@type\":\"WebSite\",\"@id\":\"https:\/\/www.creativecooling.com\/#website\",\"url\":\"https:\/\/www.creativecooling.com\/\",\"name\":\"Creative Cooling Group\",\"description\":\"\",\"potentialAction\":[{\"@type\":\"SearchAction\",\"target\":{\"@type\":\"EntryPoint\",\"urlTemplate\":\"https:\/\/www.creativecooling.com\/?s={search_term_string}\"},\"query-input\":{\"@type\":\"PropertyValueSpecification\",\"valueRequired\":true,\"valueName\":\"search_term_string\"}}],\"inLanguage\":\"es\"}]}<\/script>\n<!-- \/ Yoast SEO plugin. -->","yoast_head_json":{"title":"Iris series - Creative Cooling Group","robots":{"index":"index","follow":"follow","max-snippet":"max-snippet:-1","max-image-preview":"max-image-preview:large","max-video-preview":"max-video-preview:-1"},"canonical":"https:\/\/www.creativecooling.com\/es\/productos-de-refrigeracion-creativos\/refrigeradores-con-apertura-frontal\/iris-series\/","og_locale":"es_ES","og_type":"article","og_title":"Iris series - Creative Cooling Group","og_url":"https:\/\/www.creativecooling.com\/es\/productos-de-refrigeracion-creativos\/refrigeradores-con-apertura-frontal\/iris-series\/","og_site_name":"Creative Cooling Group","article_modified_time":"2025-03-26T08:42:57+00:00","og_image":[{"width":1156,"height":1156,"url":"https:\/\/www.creativecooling.com\/wp-content\/uploads\/2025\/02\/Iris.jpg","type":"image\/jpeg"}],"twitter_card":"summary_large_image","twitter_misc":{"Tiempo de lectura":"1 minuto"},"schema":{"@context":"https:\/\/schema.org","@graph":[{"@type":"WebPage","@id":"https:\/\/www.creativecooling.com\/es\/productos-de-refrigeracion-creativos\/refrigeradores-con-apertura-frontal\/iris-series\/","url":"https:\/\/www.creativecooling.com\/es\/productos-de-refrigeracion-creativos\/refrigeradores-con-apertura-frontal\/iris-series\/","name":"Iris series - Creative Cooling Group","isPartOf":{"@id":"https:\/\/www.creativecooling.com\/#website"},"primaryImageOfPage":{"@id":"https:\/\/www.creativecooling.com\/es\/productos-de-refrigeracion-creativos\/refrigeradores-con-apertura-frontal\/iris-series\/#primaryimage"},"image":{"@id":"https:\/\/www.creativecooling.com\/es\/productos-de-refrigeracion-creativos\/refrigeradores-con-apertura-frontal\/iris-series\/#primaryimage"},"thumbnailUrl":"https:\/\/www.creativecooling.com\/wp-content\/uploads\/2025\/02\/Iris.jpg","datePublished":"2025-03-24T08:46:27+00:00","dateModified":"2025-03-26T08:42:57+00:00","breadcrumb":{"@id":"https:\/\/www.creativecooling.com\/es\/productos-de-refrigeracion-creativos\/refrigeradores-con-apertura-frontal\/iris-series\/#breadcrumb"},"inLanguage":"es","potentialAction":[{"@type":"ReadAction","target":["https:\/\/www.creativecooling.com\/es\/productos-de-refrigeracion-creativos\/refrigeradores-con-apertura-frontal\/iris-series\/"]}]},{"@type":"ImageObject","inLanguage":"es","@id":"https:\/\/www.creativecooling.com\/es\/productos-de-refrigeracion-creativos\/refrigeradores-con-apertura-frontal\/iris-series\/#primaryimage","url":"https:\/\/www.creativecooling.com\/wp-content\/uploads\/2025\/02\/Iris.jpg","contentUrl":"https:\/\/www.creativecooling.com\/wp-content\/uploads\/2025\/02\/Iris.jpg","width":1156,"height":1156},{"@type":"BreadcrumbList","@id":"https:\/\/www.creativecooling.com\/es\/productos-de-refrigeracion-creativos\/refrigeradores-con-apertura-frontal\/iris-series\/#breadcrumb","itemListElement":[{"@type":"ListItem","position":1,"name":"Home","item":"https:\/\/www.creativecooling.com\/es\/"},{"@type":"ListItem","position":2,"name":"Productos de refrigeraci\u00f3n creativos","item":"https:\/\/www.creativecooling.com\/es\/productos-de-refrigeracion-creativos\/"},{"@type":"ListItem","position":3,"name":"Refrigeradores con apertura frontal","item":"https:\/\/www.creativecooling.com\/es\/productos-de-refrigeracion-creativos\/refrigeradores-con-apertura-frontal\/"},{"@type":"ListItem","position":4,"name":"Iris series"}]},{"@type":"WebSite","@id":"https:\/\/www.creativecooling.com\/#website","url":"https:\/\/www.creativecooling.com\/","name":"Creative Cooling Group","description":"","potentialAction":[{"@type":"SearchAction","target":{"@type":"EntryPoint","urlTemplate":"https:\/\/www.creativecooling.com\/?s={search_term_string}"},"query-input":{"@type":"PropertyValueSpecification","valueRequired":true,"valueName":"search_term_string"}}],"inLanguage":"es"}]}},"_links":{"self":[{"href":"https:\/\/www.creativecooling.com\/es\/wp-json\/wp\/v2\/pages\/3434","targetHints":{"allow":["GET"]}}],"collection":[{"href":"https:\/\/www.creativecooling.com\/es\/wp-json\/wp\/v2\/pages"}],"about":[{"href":"https:\/\/www.creativecooling.com\/es\/wp-json\/wp\/v2\/types\/page"}],"author":[{"embeddable":true,"href":"https:\/\/www.creativecooling.com\/es\/wp-json\/wp\/v2\/users\/1"}],"replies":[{"embeddable":true,"href":"https:\/\/www.creativecooling.com\/es\/wp-json\/wp\/v2\/comments?post=3434"}],"version-history":[{"count":2,"href":"https:\/\/www.creativecooling.com\/es\/wp-json\/wp\/v2\/pages\/3434\/revisions"}],"predecessor-version":[{"id":3730,"href":"https:\/\/www.creativecooling.com\/es\/wp-json\/wp\/v2\/pages\/3434\/revisions\/3730"}],"up":[{"embeddable":true,"href":"https:\/\/www.creativecooling.com\/es\/wp-json\/wp\/v2\/pages\/3263"}],"wp:featuredmedia":[{"embeddable":true,"href":"https:\/\/www.creativecooling.com\/es\/wp-json\/wp\/v2\/media\/3267"}],"wp:attachment":[{"href":"https:\/\/www.creativecooling.com\/es\/wp-json\/wp\/v2\/media?parent=3434"}],"curies":[{"name":"wp","href":"https:\/\/api.w.org\/{rel}","templated":true}]}}